{"id":2,"date":"2021-12-18T11:30:10","date_gmt":"2021-12-18T10:30:10","guid":{"rendered":"http:\/\/www.pflegekrafteauspolen.de\/blog\/?page_id=2"},"modified":"2026-02-18T09:07:03","modified_gmt":"2026-02-18T08:07:03","slug":"pflegekraft-direkt-aus-polen","status":"publish","type":"page","link":"http:\/\/www.pflegekrafteauspolen.de\/blog\/pflegekraft-direkt-aus-polen\/","title":{"rendered":"Pflegekraft direkt aus Polen"},"content":{"rendered":"\t\t<div data-elementor-type=\"wp-page\" data-elementor-id=\"2\" class=\"elementor elementor-2\">\n\t\t\t\t\t\t<section class=\"elementor-section elementor-top-section elementor-element elementor-element-081d1a6 elementor-section-boxed elementor-section-height-default elementor-section-height-default\" data-id=\"081d1a6\" data-element_type=\"section\" data-e-type=\"section\">\n\t\t\t\t\t\t<div class=\"elementor-container elementor-column-gap-default\">\n\t\t\t\t\t<div class=\"elementor-column elementor-col-100 elementor-top-column elementor-element elementor-element-6d64259\" data-id=\"6d64259\" data-element_type=\"column\" data-e-type=\"column\">\n\t\t\t<div class=\"elementor-widget-wrap elementor-element-populated\">\n\t\t\t\t\t\t\t<\/div>\n\t\t<\/div>\n\t\t\t\t\t<\/div>\n\t\t<\/section>\n\t\t\t\t<section class=\"elementor-section elementor-top-section elementor-element elementor-element-e959926 elementor-section-boxed elementor-section-height-default elementor-section-height-default\" data-id=\"e959926\" data-element_type=\"section\" data-e-type=\"section\">\n\t\t\t\t\t\t<div class=\"elementor-container elementor-column-gap-default\">\n\t\t\t\t\t<div class=\"elementor-column elementor-col-100 elementor-top-column elementor-element elementor-element-b7ec9b8\" data-id=\"b7ec9b8\" data-element_type=\"column\" data-e-type=\"column\">\n\t\t\t<div class=\"elementor-widget-wrap elementor-element-populated\">\n\t\t\t\t\t\t<div class=\"elementor-element elementor-element-a3d7eda elementor-widget elementor-widget-text-editor\" data-id=\"a3d7eda\" data-element_type=\"widget\" data-e-type=\"widget\" data-widget_type=\"text-editor.default\">\n\t\t\t\t<div class=\"elementor-widget-container\">\n\t\t\t\t\t\t\t\t\t<h2>Polnische Betreuerinnen als Haushaltshilfe<\/h2><p>Kochen, Waschen, B\u00fcgeln, Aufr\u00e4umen, Einkaufen \u2013 diese und \u00e4hnliche hauswirtschaftliche T\u00e4tigkeiten werden im hohen Alter schwierig. Viele Senioren, die aufgrund ihrer gesundheitlichen Einschr\u00e4nkungen eine liebevolle Unterst\u00fctzung im Alltag ben\u00f6tigen, werden heutzutage von <strong>polnischen Betreuerinnen<\/strong> gepflegt und betreut.<\/p><p><img fetchpriority=\"high\" decoding=\"async\" class=\"alignnone wp-image-76 size-medium\" src=\"http:\/\/www.pflegekrafteauspolen.de\/blog\/wp-content\/uploads\/2024\/03\/old-1572619_640-300x225.jpg\" alt=\"Senioren sitzen auf einer Parkbank\" width=\"300\" height=\"225\" srcset=\"http:\/\/www.pflegekrafteauspolen.de\/blog\/wp-content\/uploads\/2024\/03\/old-1572619_640-300x225.jpg 300w, http:\/\/www.pflegekrafteauspolen.de\/blog\/wp-content\/uploads\/2024\/03\/old-1572619_640.jpg 640w\" sizes=\"(max-width: 300px) 100vw, 300px\" \/><\/p><h2>Pflegekr\u00e4fte aus Polen und ihre Aufgaben<\/h2><p>Es ist zu betonen, dass <strong>Pflegekr\u00e4fte aus Polen<\/strong> zusammen mit dem zu pflegenden Senior in seiner Wohnung bzw. seinem Haus wohnen. Sie bieten nicht nur ihre Hilfe bei der Grundpflege, sondern auch bei vielen Arbeiten im Haushalt. Eine<strong> polnische Betreuerin<\/strong> kann weit verstandene Aufr\u00e4um- und Reinigungsarbeiten in den Wohnr\u00e4umen des Seniors durchf\u00fchren. In Frage kommen auch Kochen, Waschen, Putzen sowie Versorgung von kleinen Haustieren. Man muss sich dessen bewusst sein, dass <strong>polnische Pflegekr\u00e4fte<\/strong> auch bei Arztbesuchen oder Spazierg\u00e4ngen ihre Angeh\u00f6rigen begleiten.<\/p><p><img decoding=\"async\" class=\"alignnone wp-image-75 size-medium\" src=\"http:\/\/www.pflegekrafteauspolen.de\/blog\/wp-content\/uploads\/2024\/03\/Mehr-Urlaub-fuer-Altenpflegekraefte_-Zeit-fuer-Regeneration-300x300.jpg\" alt=\"Senior genie\u00dft den Moment\" width=\"300\" height=\"300\" srcset=\"http:\/\/www.pflegekrafteauspolen.de\/blog\/wp-content\/uploads\/2024\/03\/Mehr-Urlaub-fuer-Altenpflegekraefte_-Zeit-fuer-Regeneration-300x300.jpg 300w, http:\/\/www.pflegekrafteauspolen.de\/blog\/wp-content\/uploads\/2024\/03\/Mehr-Urlaub-fuer-Altenpflegekraefte_-Zeit-fuer-Regeneration-150x150.jpg 150w, http:\/\/www.pflegekrafteauspolen.de\/blog\/wp-content\/uploads\/2024\/03\/Mehr-Urlaub-fuer-Altenpflegekraefte_-Zeit-fuer-Regeneration-768x768.jpg 768w, http:\/\/www.pflegekrafteauspolen.de\/blog\/wp-content\/uploads\/2024\/03\/Mehr-Urlaub-fuer-Altenpflegekraefte_-Zeit-fuer-Regeneration.jpg 800w\" sizes=\"(max-width: 300px) 100vw, 300px\" \/><\/p><h3>Kosten f\u00fcr eine 24-Stunden-Seniorenbetreuung<\/h3><p>Wenn Sie einen erfahrene <a href=\"http:\/\/www.pflegekrafteauspolen.de\/Document,polnische-haushaltshilfe\"><strong>Haushaltshilfe aus Polen<\/strong><\/a> besch\u00e4ftigen m\u00f6chten, sollten Sie sich an eine professionelle Vermittlungsagentur wenden. Auch bei einer Vermittlungsgeb\u00fchr sind die Kosten f\u00fcr eine <strong>Pflegekraft aus Polen<\/strong> deutlich attraktiver als die Kosten f\u00fcr deutsche Pflegekr\u00e4fte. Der aktuelle Mindestlohn, Qualifikation der Pflegekraft. Deutschkenntnisse, Anfahrtskosten \u2013 das alles beeinflusst ihre Kosten. Was wichtig, sie k\u00f6nnen eine 24-Stunden-Seniorenbetreuung teilweise mit dem Pflegegeld bzw. anderen Zusch\u00fcssen finanzieren.<\/p><p><img decoding=\"async\" class=\"alignnone wp-image-71 size-medium\" src=\"http:\/\/www.pflegekrafteauspolen.de\/blog\/wp-content\/uploads\/2024\/03\/nokia-3720727_640-300x200.jpg\" alt=\"Seniorin benutzt ein Smartphone\" width=\"300\" height=\"200\" srcset=\"http:\/\/www.pflegekrafteauspolen.de\/blog\/wp-content\/uploads\/2024\/03\/nokia-3720727_640-300x200.jpg 300w, http:\/\/www.pflegekrafteauspolen.de\/blog\/wp-content\/uploads\/2024\/03\/nokia-3720727_640-180x120.jpg 180w, http:\/\/www.pflegekrafteauspolen.de\/blog\/wp-content\/uploads\/2024\/03\/nokia-3720727_640.jpg 640w\" sizes=\"(max-width: 300px) 100vw, 300px\" \/><\/p>\t\t\t\t\t\t\t\t<\/div>\n\t\t\t\t<\/div>\n\t\t\t\t\t<\/div>\n\t\t<\/div>\n\t\t\t\t\t<\/div>\n\t\t<\/section>\n\t\t\t\t<section class=\"elementor-section elementor-top-section elementor-element elementor-element-78227a7 elementor-section-boxed elementor-section-height-default elementor-section-height-default\" data-id=\"78227a7\" data-element_type=\"section\" data-e-type=\"section\">\n\t\t\t\t\t\t<div class=\"elementor-container elementor-column-gap-default\">\n\t\t\t\t\t<div class=\"elementor-column elementor-col-100 elementor-top-column elementor-element elementor-element-3eba78e\" data-id=\"3eba78e\" data-element_type=\"column\" data-e-type=\"column\">\n\t\t\t<div class=\"elementor-widget-wrap elementor-element-populated\">\n\t\t\t\t\t\t<div class=\"elementor-element elementor-element-ee88b63 elementor-widget elementor-widget-image\" data-id=\"ee88b63\" data-element_type=\"widget\" data-e-type=\"widget\" data-widget_type=\"image.default\">\n\t\t\t\t<div class=\"elementor-widget-container\">\n\t\t\t\t\t\t\t\t\t\t\t\t\t\t\t<img loading=\"lazy\" decoding=\"async\" width=\"200\" height=\"300\" src=\"http:\/\/www.pflegekrafteauspolen.de\/blog\/wp-content\/uploads\/2022\/06\/pexels-photo-3768177-e1708500268991.jpeg\" class=\"attachment-large size-large wp-image-39\" alt=\"Pflegekr\u00e4fte aus Polen\" \/>\t\t\t\t\t\t\t\t\t\t\t\t\t\t\t<\/div>\n\t\t\t\t<\/div>\n\t\t\t\t\t<\/div>\n\t\t<\/div>\n\t\t\t\t\t<\/div>\n\t\t<\/section>\n\t\t\t\t<\/div>\n\t\t","protected":false},"excerpt":{"rendered":"<p>Polnische Betreuerinnen als Haushaltshilfe Kochen, Waschen, B\u00fcgeln, Aufr\u00e4umen, Einkaufen \u2013 diese und \u00e4hnliche hauswirtschaftliche T\u00e4tigkeiten werden im hohen Alter schwierig. Viele Senioren, die aufgrund ihrer gesundheitlichen Einschr\u00e4nkungen eine liebevolle Unterst\u00fctzung im Alltag ben\u00f6tigen, werden heutzutage von polnischen Betreuerinnen gepflegt und betreut. Pflegekr\u00e4fte aus Polen und ihre Aufgaben Es ist zu betonen, dass Pflegekr\u00e4fte aus Polen [&hellip;]<\/p>\n","protected":false},"author":1,"featured_media":110,"parent":0,"menu_order":0,"comment_status":"closed","ping_status":"open","template":"","meta":{"footnotes":""},"class_list":["post-2","page","type-page","status-publish","has-post-thumbnail","hentry"],"yoast_head":"<!-- This site is optimized with the Yoast SEO plugin v27.5 - https:\/\/yoast.com\/product\/yoast-seo-wordpress\/ -->\n<title>Pflegekraft direkt aus Polen - Pflegekr\u00e4fte<\/title>\n<meta name=\"description\" content=\"Es ist zu betonen, dass Pflegekr\u00e4fte aus Polen zusammen mit dem zu pflegenden Senior in seiner Wohnung bzw.\" \/>\n<meta name=\"robots\" content=\"index, follow, max-snippet:-1, max-image-preview:large, max-video-preview:-1\" \/>\n<link rel=\"canonical\" href=\"http:\/\/www.pflegekrafteauspolen.de\/blog\/pflegekraft-direkt-aus-polen\/\" \/>\n<meta property=\"og:locale\" content=\"de_DE\" \/>\n<meta property=\"og:type\" content=\"article\" \/>\n<meta property=\"og:title\" content=\"Pflegekraft direkt aus Polen - Pflegekr\u00e4fte\" \/>\n<meta property=\"og:description\" content=\"Es ist zu betonen, dass Pflegekr\u00e4fte aus Polen zusammen mit dem zu pflegenden Senior in seiner Wohnung bzw.\" \/>\n<meta property=\"og:url\" content=\"http:\/\/www.pflegekrafteauspolen.de\/blog\/pflegekraft-direkt-aus-polen\/\" \/>\n<meta property=\"og:site_name\" content=\"Pflegekr\u00e4fte\" \/>\n<meta property=\"article:modified_time\" content=\"2026-02-18T08:07:03+00:00\" \/>\n<meta property=\"og:image\" content=\"http:\/\/www.pflegekrafteauspolen.de\/blog\/wp-content\/uploads\/2024\/03\/woman-8598057_1280.jpg\" \/>\n\t<meta property=\"og:image:width\" content=\"1280\" \/>\n\t<meta property=\"og:image:height\" content=\"853\" \/>\n\t<meta property=\"og:image:type\" content=\"image\/jpeg\" \/>\n<meta name=\"twitter:card\" content=\"summary_large_image\" \/>\n<meta name=\"twitter:label1\" content=\"Gesch\u00e4tzte Lesezeit\" \/>\n\t<meta name=\"twitter:data1\" content=\"2\u00a0Minuten\" \/>\n<script type=\"application\/ld+json\" class=\"yoast-schema-graph\">{\"@context\":\"https:\\\/\\\/schema.org\",\"@graph\":[{\"@type\":\"WebPage\",\"@id\":\"http:\\\/\\\/www.pflegekrafteauspolen.de\\\/blog\\\/pflegekraft-direkt-aus-polen\\\/\",\"url\":\"http:\\\/\\\/www.pflegekrafteauspolen.de\\\/blog\\\/pflegekraft-direkt-aus-polen\\\/\",\"name\":\"Pflegekraft direkt aus Polen - Pflegekr\u00e4fte\",\"isPartOf\":{\"@id\":\"https:\\\/\\\/www.pflegekrafteauspolen.de\\\/blog\\\/#website\"},\"primaryImageOfPage\":{\"@id\":\"http:\\\/\\\/www.pflegekrafteauspolen.de\\\/blog\\\/pflegekraft-direkt-aus-polen\\\/#primaryimage\"},\"image\":{\"@id\":\"http:\\\/\\\/www.pflegekrafteauspolen.de\\\/blog\\\/pflegekraft-direkt-aus-polen\\\/#primaryimage\"},\"thumbnailUrl\":\"http:\\\/\\\/www.pflegekrafteauspolen.de\\\/blog\\\/wp-content\\\/uploads\\\/2024\\\/03\\\/woman-8598057_1280.jpg\",\"datePublished\":\"2021-12-18T10:30:10+00:00\",\"dateModified\":\"2026-02-18T08:07:03+00:00\",\"description\":\"Es ist zu betonen, dass Pflegekr\u00e4fte aus Polen zusammen mit dem zu pflegenden Senior in seiner Wohnung bzw.\",\"breadcrumb\":{\"@id\":\"http:\\\/\\\/www.pflegekrafteauspolen.de\\\/blog\\\/pflegekraft-direkt-aus-polen\\\/#breadcrumb\"},\"inLanguage\":\"de\",\"potentialAction\":[{\"@type\":\"ReadAction\",\"target\":[\"http:\\\/\\\/www.pflegekrafteauspolen.de\\\/blog\\\/pflegekraft-direkt-aus-polen\\\/\"]}]},{\"@type\":\"ImageObject\",\"inLanguage\":\"de\",\"@id\":\"http:\\\/\\\/www.pflegekrafteauspolen.de\\\/blog\\\/pflegekraft-direkt-aus-polen\\\/#primaryimage\",\"url\":\"http:\\\/\\\/www.pflegekrafteauspolen.de\\\/blog\\\/wp-content\\\/uploads\\\/2024\\\/03\\\/woman-8598057_1280.jpg\",\"contentUrl\":\"http:\\\/\\\/www.pflegekrafteauspolen.de\\\/blog\\\/wp-content\\\/uploads\\\/2024\\\/03\\\/woman-8598057_1280.jpg\",\"width\":1280,\"height\":853,\"caption\":\"Senioren\"},{\"@type\":\"BreadcrumbList\",\"@id\":\"http:\\\/\\\/www.pflegekrafteauspolen.de\\\/blog\\\/pflegekraft-direkt-aus-polen\\\/#breadcrumb\",\"itemListElement\":[{\"@type\":\"ListItem\",\"position\":1,\"name\":\"Startseite\",\"item\":\"https:\\\/\\\/www.pflegekrafteauspolen.de\\\/blog\\\/\"},{\"@type\":\"ListItem\",\"position\":2,\"name\":\"Pflegekraft direkt aus Polen\"}]},{\"@type\":\"WebSite\",\"@id\":\"https:\\\/\\\/www.pflegekrafteauspolen.de\\\/blog\\\/#website\",\"url\":\"https:\\\/\\\/www.pflegekrafteauspolen.de\\\/blog\\\/\",\"name\":\"Pflegekr\u00e4fte\",\"description\":\"Pflegekr\u00e4fte direkt aus Polen\",\"potentialAction\":[{\"@type\":\"SearchAction\",\"target\":{\"@type\":\"EntryPoint\",\"urlTemplate\":\"https:\\\/\\\/www.pflegekrafteauspolen.de\\\/blog\\\/?s={search_term_string}\"},\"query-input\":{\"@type\":\"PropertyValueSpecification\",\"valueRequired\":true,\"valueName\":\"search_term_string\"}}],\"inLanguage\":\"de\"}]}<\/script>\n<!-- \/ Yoast SEO plugin. -->","yoast_head_json":{"title":"Pflegekraft direkt aus Polen - Pflegekr\u00e4fte","description":"Es ist zu betonen, dass Pflegekr\u00e4fte aus Polen zusammen mit dem zu pflegenden Senior in seiner Wohnung bzw.","robots":{"index":"index","follow":"follow","max-snippet":"max-snippet:-1","max-image-preview":"max-image-preview:large","max-video-preview":"max-video-preview:-1"},"canonical":"http:\/\/www.pflegekrafteauspolen.de\/blog\/pflegekraft-direkt-aus-polen\/","og_locale":"de_DE","og_type":"article","og_title":"Pflegekraft direkt aus Polen - Pflegekr\u00e4fte","og_description":"Es ist zu betonen, dass Pflegekr\u00e4fte aus Polen zusammen mit dem zu pflegenden Senior in seiner Wohnung bzw.","og_url":"http:\/\/www.pflegekrafteauspolen.de\/blog\/pflegekraft-direkt-aus-polen\/","og_site_name":"Pflegekr\u00e4fte","article_modified_time":"2026-02-18T08:07:03+00:00","og_image":[{"width":1280,"height":853,"url":"http:\/\/www.pflegekrafteauspolen.de\/blog\/wp-content\/uploads\/2024\/03\/woman-8598057_1280.jpg","type":"image\/jpeg"}],"twitter_card":"summary_large_image","twitter_misc":{"Gesch\u00e4tzte Lesezeit":"2\u00a0Minuten"},"schema":{"@context":"https:\/\/schema.org","@graph":[{"@type":"WebPage","@id":"http:\/\/www.pflegekrafteauspolen.de\/blog\/pflegekraft-direkt-aus-polen\/","url":"http:\/\/www.pflegekrafteauspolen.de\/blog\/pflegekraft-direkt-aus-polen\/","name":"Pflegekraft direkt aus Polen - Pflegekr\u00e4fte","isPartOf":{"@id":"https:\/\/www.pflegekrafteauspolen.de\/blog\/#website"},"primaryImageOfPage":{"@id":"http:\/\/www.pflegekrafteauspolen.de\/blog\/pflegekraft-direkt-aus-polen\/#primaryimage"},"image":{"@id":"http:\/\/www.pflegekrafteauspolen.de\/blog\/pflegekraft-direkt-aus-polen\/#primaryimage"},"thumbnailUrl":"http:\/\/www.pflegekrafteauspolen.de\/blog\/wp-content\/uploads\/2024\/03\/woman-8598057_1280.jpg","datePublished":"2021-12-18T10:30:10+00:00","dateModified":"2026-02-18T08:07:03+00:00","description":"Es ist zu betonen, dass Pflegekr\u00e4fte aus Polen zusammen mit dem zu pflegenden Senior in seiner Wohnung bzw.","breadcrumb":{"@id":"http:\/\/www.pflegekrafteauspolen.de\/blog\/pflegekraft-direkt-aus-polen\/#breadcrumb"},"inLanguage":"de","potentialAction":[{"@type":"ReadAction","target":["http:\/\/www.pflegekrafteauspolen.de\/blog\/pflegekraft-direkt-aus-polen\/"]}]},{"@type":"ImageObject","inLanguage":"de","@id":"http:\/\/www.pflegekrafteauspolen.de\/blog\/pflegekraft-direkt-aus-polen\/#primaryimage","url":"http:\/\/www.pflegekrafteauspolen.de\/blog\/wp-content\/uploads\/2024\/03\/woman-8598057_1280.jpg","contentUrl":"http:\/\/www.pflegekrafteauspolen.de\/blog\/wp-content\/uploads\/2024\/03\/woman-8598057_1280.jpg","width":1280,"height":853,"caption":"Senioren"},{"@type":"BreadcrumbList","@id":"http:\/\/www.pflegekrafteauspolen.de\/blog\/pflegekraft-direkt-aus-polen\/#breadcrumb","itemListElement":[{"@type":"ListItem","position":1,"name":"Startseite","item":"https:\/\/www.pflegekrafteauspolen.de\/blog\/"},{"@type":"ListItem","position":2,"name":"Pflegekraft direkt aus Polen"}]},{"@type":"WebSite","@id":"https:\/\/www.pflegekrafteauspolen.de\/blog\/#website","url":"https:\/\/www.pflegekrafteauspolen.de\/blog\/","name":"Pflegekr\u00e4fte","description":"Pflegekr\u00e4fte direkt aus Polen","potentialAction":[{"@type":"SearchAction","target":{"@type":"EntryPoint","urlTemplate":"https:\/\/www.pflegekrafteauspolen.de\/blog\/?s={search_term_string}"},"query-input":{"@type":"PropertyValueSpecification","valueRequired":true,"valueName":"search_term_string"}}],"inLanguage":"de"}]}},"_links":{"self":[{"href":"http:\/\/www.pflegekrafteauspolen.de\/blog\/wp-json\/wp\/v2\/pages\/2","targetHints":{"allow":["GET"]}}],"collection":[{"href":"http:\/\/www.pflegekrafteauspolen.de\/blog\/wp-json\/wp\/v2\/pages"}],"about":[{"href":"http:\/\/www.pflegekrafteauspolen.de\/blog\/wp-json\/wp\/v2\/types\/page"}],"author":[{"embeddable":true,"href":"http:\/\/www.pflegekrafteauspolen.de\/blog\/wp-json\/wp\/v2\/users\/1"}],"replies":[{"embeddable":true,"href":"http:\/\/www.pflegekrafteauspolen.de\/blog\/wp-json\/wp\/v2\/comments?post=2"}],"version-history":[{"count":19,"href":"http:\/\/www.pflegekrafteauspolen.de\/blog\/wp-json\/wp\/v2\/pages\/2\/revisions"}],"predecessor-version":[{"id":613,"href":"http:\/\/www.pflegekrafteauspolen.de\/blog\/wp-json\/wp\/v2\/pages\/2\/revisions\/613"}],"wp:featuredmedia":[{"embeddable":true,"href":"http:\/\/www.pflegekrafteauspolen.de\/blog\/wp-json\/wp\/v2\/media\/110"}],"wp:attachment":[{"href":"http:\/\/www.pflegekrafteauspolen.de\/blog\/wp-json\/wp\/v2\/media?parent=2"}],"curies":[{"name":"wp","href":"https:\/\/api.w.org\/{rel}","templated":true}]}}